{"id":786,"date":"2026-02-12T16:10:48","date_gmt":"2026-02-12T15:10:48","guid":{"rendered":"https:\/\/staging.weingut-knewitz.de\/?page_id=786"},"modified":"2026-03-12T14:49:57","modified_gmt":"2026-03-12T13:49:57","slug":"haftungsausschluesse","status":"publish","type":"page","link":"https:\/\/staging.weingut-knewitz.de\/en\/haftungsausschluesse\/","title":{"rendered":"Haftungsausschluss"},"content":{"rendered":"<h3 class=\"wp-block-heading\"><\/h3>\n\n\n\n<p><\/p>\n\n\n\n<p>Haftungsausschluss f\u00fcr Links\u00a0<br><\/p>\n\n\n\n<p>Unser Angebot enth\u00e4lt Links zu externen Webseiten Dritter, auf deren Inhalte wir keinen Einfluss haben. Deshalb k\u00f6nnen wir f\u00fcr diese fremden Inhalte auch keine Gew\u00e4hr \u00fcbernehmen. F\u00fcr die Inhalte der verlinkten Seiten ist stets der jeweilige Anbieter oder Betreiber der Seiten verantwortlich. Die verlinkten Seiten wurden zum Zeitpunkt der Verlinkung auf m\u00f6gliche Rechtsverst\u00f6\u00dfe \u00fcberpr\u00fcft. Rechtswidrige Inhalte waren zum Zeitpunkt der Verlinkung nicht erkennbar. Eine permanente inhaltliche Kontrolle der verlinkten Seiten ist jedoch ohne konkrete Anhaltspunkte einer Rechtsverletzung nicht zumutbar. Bei Bekanntwerden von Rechtsverletzungen werden wir derartige Links umgehend entfernen.<\/p>\n\n\n\n<p>Urheberrecht&nbsp;<\/p>\n\n\n\n<p>Die durch die Seitenbetreiber erstellten Inhalte und Werke auf diesen Seiten unterliegen dem deutschen Urheberrecht. Die Vervielf\u00e4ltigung, Bearbeitung, Verbreitung und jede Art der Verwertung au\u00dferhalb der Grenzen des Urheberrechtes bed\u00fcrfen der schriftlichen Zustimmung des jeweiligen Autors bzw. Erstellers. Downloads und Kopien dieser Seite sind nur f\u00fcr den privaten, nicht kommerziellen Gebrauch gestattet. Soweit die Inhalte auf dieser Seite nicht vom Betreiber erstellt wurden, werden die Urheberrechte Dritter beachtet. Insbesondere werden Inhalte Dritter als solche gekennzeichnet. Sollten Sie trotzdem auf eine Urheberrechtsverletzung aufmerksam werden, bitten wir um einen entsprechenden Hinweis. Bei Bekanntwerden von Rechtsverletzungen werden wir derartige Inhalte umgehend entfernen.<\/p>\n\n\n\n<p><\/p>\n\n\n\n<p><\/p>\n\n\n\n<p><\/p>\n\n\n\n<div class=\"wp-block-columns is-layout-flex wp-container-core-columns-is-layout-9d6595d7 wp-block-columns-is-layout-flex\">\n<div class=\"wp-block-column is-layout-flow wp-block-column-is-layout-flow\" style=\"flex-basis:100%\">\n<figure class=\"wp-block-image size-large\"><img loading=\"lazy\" decoding=\"async\" width=\"768\" height=\"1024\" src=\"https:\/\/staging.weingut-knewitz.de\/wp-content\/uploads\/2026\/02\/IMG_9370-768x1024.jpg\" alt=\"\" class=\"wp-image-773\" srcset=\"https:\/\/staging.weingut-knewitz.de\/wp-content\/uploads\/2026\/02\/IMG_9370-768x1024.jpg 768w, https:\/\/staging.weingut-knewitz.de\/wp-content\/uploads\/2026\/02\/IMG_9370-225x300.jpg 225w, https:\/\/staging.weingut-knewitz.de\/wp-content\/uploads\/2026\/02\/IMG_9370-1152x1536.jpg 1152w, https:\/\/staging.weingut-knewitz.de\/wp-content\/uploads\/2026\/02\/IMG_9370-9x12.jpg 9w, https:\/\/staging.weingut-knewitz.de\/wp-content\/uploads\/2026\/02\/IMG_9370-600x800.jpg 600w, https:\/\/staging.weingut-knewitz.de\/wp-content\/uploads\/2026\/02\/IMG_9370.jpg 1500w\" sizes=\"auto, (max-width: 768px) 100vw, 768px\" \/><\/figure>\n<\/div>\n<\/div>","protected":false},"excerpt":{"rendered":"<p>Haftungsausschluss f\u00fcr Links\u00a0 Unser Angebot enth\u00e4lt Links zu externen Webseiten Dritter, auf deren Inhalte wir keinen Einfluss haben. Deshalb k\u00f6nnen wir f\u00fcr diese fremden Inhalte auch keine Gew\u00e4hr \u00fcbernehmen. F\u00fcr die Inhalte der verlinkten Seiten ist stets der jeweilige Anbieter oder Betreiber der Seiten verantwortlich. Die verlinkten Seiten wurden zum Zeitpunkt der Verlinkung auf m\u00f6gliche [&hellip;]<\/p>\n","protected":false},"author":1,"featured_media":0,"parent":0,"menu_order":0,"comment_status":"closed","ping_status":"closed","template":"","meta":{"_acf_changed":false,"footnotes":""},"class_list":["post-786","page","type-page","status-publish","hentry"],"acf":[],"_links":{"self":[{"href":"https:\/\/staging.weingut-knewitz.de\/en\/wp-json\/wp\/v2\/pages\/786","targetHints":{"allow":["GET"]}}],"collection":[{"href":"https:\/\/staging.weingut-knewitz.de\/en\/wp-json\/wp\/v2\/pages"}],"about":[{"href":"https:\/\/staging.weingut-knewitz.de\/en\/wp-json\/wp\/v2\/types\/page"}],"author":[{"embeddable":true,"href":"https:\/\/staging.weingut-knewitz.de\/en\/wp-json\/wp\/v2\/users\/1"}],"replies":[{"embeddable":true,"href":"https:\/\/staging.weingut-knewitz.de\/en\/wp-json\/wp\/v2\/comments?post=786"}],"version-history":[{"count":13,"href":"https:\/\/staging.weingut-knewitz.de\/en\/wp-json\/wp\/v2\/pages\/786\/revisions"}],"predecessor-version":[{"id":897,"href":"https:\/\/staging.weingut-knewitz.de\/en\/wp-json\/wp\/v2\/pages\/786\/revisions\/897"}],"wp:attachment":[{"href":"https:\/\/staging.weingut-knewitz.de\/en\/wp-json\/wp\/v2\/media?parent=786"}],"curies":[{"name":"wp","href":"https:\/\/api.w.org\/{rel}","templated":true}]}}