{"id":382,"date":"2025-10-08T15:59:38","date_gmt":"2025-10-08T13:59:38","guid":{"rendered":"http:\/\/localhost\/versandarten\/"},"modified":"2026-03-16T10:34:02","modified_gmt":"2026-03-16T09:34:02","slug":"versandarten","status":"publish","type":"page","link":"https:\/\/staging.weingut-knewitz.de\/en\/versandarten\/","title":{"rendered":"Versandarten"},"content":{"rendered":"<p>Wir versenden ab einer Mindestbestellmenge von 6 Flaschen in vollen 6er, 12er und 15er Kartons innerhalb Deutschlands und der EU. Je Karton erheben wir deutschlandweit eine Versandkostenpauschale in H\u00f6he von 10,00\u20ac. Ab einem Bestellwert von 200\u20ac oder einem vollen 15er Karton versenden wir versandkostenfrei. Bitte beachten Sie, dass f\u00fcr Sendungen auf deutsche Inseln und in das EU-Ausland weitere Kosten anfallen k\u00f6nnen. Wir versenden standardm\u00e4\u00dfig mit unserem Vertragspartner United Parcel Service UPS. Bei einem Versand mit einem anderen Dienstleister k\u00f6nnen zus\u00e4tzliche Kosten anfallen. Der Kauf erfolgt auf Rechnung. Bei Neukunden behalten wir uns vor, Vorkasse zu verlangen.<\/p>\n\n\n\n<p>Bei diesem Formular handelt es sich um eine Bestellanfrage und stellt im rechtlichen Sinne keinen Kaufvertrag dar. Wir werden uns nach Eingang Ihrer Bestellanfrage mit Ihnen per Mail in Verbindung setzen. Bitte \u00fcberpr\u00fcfen Sie hierzu auch regelm\u00e4\u00dfig Ihren Spamordner. F\u00fcr Bestellanfragen aus dem europ\u00e4ischen Ausland bitten wir Sie, uns per Mail oder Telefon zu kontaktieren. Falls Sie eine Abholung ab Hof w\u00fcnschen, k\u00f6nnen Sie Ihren gew\u00fcnschten Abholungstermin in dem untenstehenden Textfeld hinterlassen.<\/p>","protected":false},"excerpt":{"rendered":"<p>Wir versenden ab einer Mindestbestellmenge von 6 Flaschen in vollen 6er, 12er und 15er Kartons innerhalb Deutschlands und der EU. Je Karton erheben wir deutschlandweit eine Versandkostenpauschale in H\u00f6he von 10,00\u20ac. Ab einem Bestellwert von 200\u20ac oder einem vollen 15er Karton versenden wir versandkostenfrei. Bitte beachten Sie, dass f\u00fcr Sendungen auf deutsche Inseln und in [&hellip;]<\/p>\n","protected":false},"author":1,"featured_media":0,"parent":0,"menu_order":0,"comment_status":"closed","ping_status":"closed","template":"","meta":{"_acf_changed":false,"footnotes":""},"class_list":["post-382","page","type-page","status-publish","hentry"],"acf":[],"_links":{"self":[{"href":"https:\/\/staging.weingut-knewitz.de\/en\/wp-json\/wp\/v2\/pages\/382","targetHints":{"allow":["GET"]}}],"collection":[{"href":"https:\/\/staging.weingut-knewitz.de\/en\/wp-json\/wp\/v2\/pages"}],"about":[{"href":"https:\/\/staging.weingut-knewitz.de\/en\/wp-json\/wp\/v2\/types\/page"}],"author":[{"embeddable":true,"href":"https:\/\/staging.weingut-knewitz.de\/en\/wp-json\/wp\/v2\/users\/1"}],"replies":[{"embeddable":true,"href":"https:\/\/staging.weingut-knewitz.de\/en\/wp-json\/wp\/v2\/comments?post=382"}],"version-history":[{"count":2,"href":"https:\/\/staging.weingut-knewitz.de\/en\/wp-json\/wp\/v2\/pages\/382\/revisions"}],"predecessor-version":[{"id":899,"href":"https:\/\/staging.weingut-knewitz.de\/en\/wp-json\/wp\/v2\/pages\/382\/revisions\/899"}],"wp:attachment":[{"href":"https:\/\/staging.weingut-knewitz.de\/en\/wp-json\/wp\/v2\/media?parent=382"}],"curies":[{"name":"wp","href":"https:\/\/api.w.org\/{rel}","templated":true}]}}