{"id":379,"date":"2025-10-08T15:59:38","date_gmt":"2025-10-08T13:59:38","guid":{"rendered":"http:\/\/localhost\/impressum\/"},"modified":"2026-03-12T14:39:20","modified_gmt":"2026-03-12T13:39:20","slug":"impressum","status":"publish","type":"page","link":"https:\/\/staging.weingut-knewitz.de\/en\/impressum\/","title":{"rendered":"Impressum"},"content":{"rendered":"<p>WEINGUT KNEWITZ eGbR<\/p>\n\n\n\n<p>Bj\u00f6rn &amp; Tobias Knewitz (Gesellschafter)<\/p>\n\n\n\n<p>Rheinblick 13<br>55437 Appenheim<\/p>\n\n\n\n<p>Telefon +49(0)6725-2949<br>Telefax +49(0)6725-96003<\/p>\n\n\n\n<p>info@weingut-knewitz.de<br>USt.-ID-Nr.: DE 306668454<\/p>\n\n\n\n<p>Aufsichtsbeh\u00f6rde: Ministerium f\u00fcr Wirtschaft, Verkehr, Landwirtschaft und Weinbau,<br>Stiftsstra\u00dfe 9,55116 Mainz<\/p>\n\n\n\n<p>Wir geh\u00f6ren der Landwirtschafskammer Rheinland-Pfalz, Burgenlandstr. 7, 55543 Bad Kreuznach an.<\/p>\n\n\n\n<p>Gesetzliche Grundlage unserer T\u00e4tigkeit: Weingesetz (WeinG.)<\/p>\n\n\n\n<p>Wir sind Mitglied von Maxime Herkunft Rheinhessen.<\/p>\n\n\n\n<p>Wir sind Mitglied im Verband Deutscher Pr\u00e4dikatsweing\u00fcter e.V. (VDP)<\/p>\n\n\n\n<p>Wir sind Mitglied bei FairChoice<\/p>\n\n\n\n<p>DESIGN &amp; DEVELOPMENT<\/p>\n\n\n\n<p>Zwupp<br>www.zwupp.com<\/p>\n\n\n\n<p>TEXT &amp; KONZEPT<\/p>\n\n\n\n<p>Weisses Papier<br>www.weissespapier.at<\/p>\n\n\n\n<p>FOTOGRAFIE<\/p>\n\n\n\n<p>Evelyn Dragan<br>www.evelyndragan.com<\/p>\n\n\n\n<p>ENGLISCHE \u00dcBERSETZUNG<\/p>\n\n\n\n<p>Paula Sidore<br>www.weinstory.de<\/p>\n\n\n\n<p>ALLGEMEINE GESCH\u00c4FTSBEDINGUNGEN<\/p>\n\n\n\n<p>Geltungsbereich<br>F\u00fcr alle Bestellungen \u00fcber unseren Online-Shop durch Verbraucher und Unternehmer gelten die nachfolgenden AGB.&nbsp;<br>Verbraucher ist jede nat\u00fcrliche Person, die ein Rechtsgesch\u00e4ft zu Zwecken abschlie\u00dft, die \u00fcberwiegend weder ihrer gewerblichen noch ihrer selbst\u00e4ndigen beruflichen T\u00e4tigkeit zugerechnet werden k\u00f6nnen. Unternehmer ist eine nat\u00fcrliche oder juristische Person oder eine rechtsf\u00e4hige Personengesellschaft, die bei Abschluss eines Rechtsgesch\u00e4fts in Aus\u00fcbung ihrer gewerblichen oder selbst\u00e4ndigen beruflichen T\u00e4tigkeit handelt.<br>Gegen\u00fcber Unternehmern gilt: Verwendet der Unternehmer entgegenstehende oder erg\u00e4nzende allgemeine Gesch\u00e4ftsbedingungen, wird deren Geltung hiermit widersprochen; sie werden nur dann Vertragsbestandteil, wenn wir dem ausdr\u00fccklich zugestimmt haben.<\/p>\n\n\n\n<p>Vertragspartner, Vertragsschluss, Korrekturm\u00f6glichkeiten<br>Der Kaufvertrag kommt zustande mit Weingut Knewitz eGbR.<br>Mit Einstellung der Produkte in den Online-Shop geben wir ein unverbindliches Angebot zum Vertragsschluss \u00fcber diese Artikel ab. Sie k\u00f6nnen unsere Produkte zun\u00e4chst unverbindlich in den Warenkorb legen und Ihre Eingaben vor Absenden Ihrer verbindlichen Bestellung jederzeit korrigieren, indem Sie die hierf\u00fcr im Bestellablauf vorgesehenen und erl\u00e4uterten Korrekturhilfen nutzen. Der Vertrag kommt zustande, indem Sie durch Anklicken des Bestellbuttons das Angebot \u00fcber die im Warenkorb enthaltenen Waren annehmen. Unmittelbar nach dem Absenden der Bestellung erhalten Sie noch einmal eine Best\u00e4tigung per E-Mail.<\/p>\n\n\n\n<p>Vertragssprache, Vertragstextspeicherung, Leistungsort, Gefahren\u00fcbergang<br>Die f\u00fcr den Vertragsschluss zur Verf\u00fcgung stehende Sprache: Deutsch<br>Wir speichern den Vertragstext und senden Ihnen die Bestelldaten und unsere AGB in Textform zu.<\/p>\n\n\n\n<p>Leistungsort ist das Weingut Knewitz eGbR, Rheinblick 13, 55437 Appenheim. Der Gefahren\u00fcbergang erfolgt mit der \u00dcbergabe an den gew\u00e4hlten Versanddienstleister.<\/p>\n\n\n\n<p>Lieferbedingungen<br>Zuz\u00fcglich zu den angegebenen Produktpreisen k\u00f6nnen noch Versandkosten anfallen. N\u00e4here Bestimmungen zu ggf. anfallenden Versandkosten erfahren Sie bei den Angeboten.<br>Wir versenden die Produkte an die im Bestellprozess angegebene Lieferadresse.&nbsp;<br>Wir liefern nur im Versandweg.<br>Eine Selbstabholung der Ware ist nur nach Absprache und Terminvergabe m\u00f6glich.<br>Wir liefern nicht an Packstationen. Bitte beachten Sie, dass die Ware nur an den vollj\u00e4hrigen Besteller oder an eine vollj\u00e4hrige Person des Haushalts der Zieladresse ausgeliefert werden kann. Sollte der Besteller zum Lieferzeitpunkt nicht anzutreffen sein, wird ein weiterer Zustellversuch unternommen. Sollte auch dieser erfolglos sein, wird die vollst\u00e4ndige Bestellung zu Weingut Knewitz eGbR zur\u00fcckgeschickt. Bitte beachten Sie, dass eine erneute Auslieferung nur bei Kosten\u00fcbernahme m\u00f6glich ist.<\/p>\n\n\n\n<p>Bezahlung<br>5.1 Preise<\/p>\n\n\n\n<p>Es gelten die zum Zeitpunkt der Bestellung angegebenen Preise. Diese sind Gesamtpreise und enthalten die gesetzliche Mehrwertsteuer.<\/p>\n\n\n\n<p>5.2 Zahlungsarten<\/p>\n\n\n\n<p>In unserem Shop stehen Ihnen grunds\u00e4tzlich die folgenden Zahlungsarten zur Verf\u00fcgung:<\/p>\n\n\n\n<p>Kreditkarte<\/p>\n\n\n\n<p>Im Bestellprozess geben Sie Ihre Kreditkartendaten an. Ihre Karte wird unmittelbar nach Abgabe der Bestellung belastet. Akzeptiert werden Visa und Mastercard.<\/p>\n\n\n\n<p>SEPA-Lastschriftverfahren<\/p>\n\n\n\n<p>Mit Abgabe der Bestellung erteilen Sie uns ein SEPA-Lastschriftmandat. \u00dcber das Datum der Kontobelastung werden wir Sie mindestens einen Bankgesch\u00e4ftstag im Voraus informieren (sog. Prenotification). Ein Bankgesch\u00e4ftstag ist jeder Werktag mit Ausnahme von Samstagen, bundeseinheitlichen gesetzlichen Feiertagen sowie der 24. Und 31. Dezember eines jeden Jahres. Die Kontobelastung erfolgt vor Versand der Ware.<\/p>\n\n\n\n<p>PayPal<\/p>\n\n\n\n<p>In Zusammenarbeit mit dem Zahlungsdienstleister PayPal (Europe) S.\u00e0 r.l. et Cie, S.C.A, 22-24 Boulevard Royal, L-2449 Luxembourg (\u201ePayPal\u201c) bieten wir Ihnen die nachfolgenden Zahlungsoptionen als PayPal Services an. Sofern nachfolgend nichts anderes geregelt ist, setzt die Zahlung \u00fcber PayPal keine Registrierung bei PayPal voraus. Weitere Hinweise erhalten Sie bei der jeweiligen Zahlungsoption und im Bestellvorgang.&nbsp;<\/p>\n\n\n\n<p>PayPal<\/p>\n\n\n\n<p>Um den Rechnungsbetrag \u00fcber die Zahlungsoption PayPal bezahlen zu k\u00f6nnen, m\u00fcssen Sie bei PayPal registriert sein, sich mit Ihren Zugangsdaten legitimieren und die Zahlungsanweisung best\u00e4tigen. Die Zahlungstransaktion wird durch PayPal unmittelbar nach Abgabe der Bestellung durchgef\u00fchrt.<\/p>\n\n\n\n<p>PayPal kann registrierten und nach eigenen Kriterien ausgew\u00e4hlten PayPal-Kunden weitere Zahlungsmodalit\u00e4ten im Kundenkonto anbieten. Auf das Anbieten dieser Modalit\u00e4ten haben wir allerdings keinen Einfluss; weitere individuell angebotene Zahlungsmodalit\u00e4ten betreffen Ihr Rechtsverh\u00e4ltnis mit PayPal. Weitere Informationen hierzu finden Sie in Ihrem PayPal-Konto.&nbsp;<\/p>\n\n\n\n<p>Kreditkarte \u00fcber PayPal<\/p>\n\n\n\n<p>Ihre Karte wird durch PayPal nach Versendung der Ware belastet.&nbsp;<\/p>\n\n\n\n<p>Lastschrift \u00fcber PayPal<\/p>\n\n\n\n<p>Die Zahlung per Lastschrift \u00fcber PayPal setzt eine Adress- und Bonit\u00e4tspr\u00fcfung voraus und erfolgt direkt an PayPal. Mit Best\u00e4tigung der Zahlungsanweisung erteilen Sie PayPal ein Lastschriftmandat. \u00dcber das Datum der Kontobelastung werden Sie von PayPal informiert (sog. Prenotification). Die Kontobelastung erfolgt vor Versendung der Ware.<\/p>\n\n\n\n<p>Apple Pay&nbsp;<\/p>\n\n\n\n<p>Um den Rechnungsbetrag \u00fcber den Zahlungsdienstleister Apple Inc., One Apple Park Way, Cupertino, CA 95014, USA (\u201eApple\u201c) bezahlen zu k\u00f6nnen, m\u00fcssen Sie den Browser \u201eSafari\u201c nutzen, bei Apple registriert sein, die Funktion Apple Pay aktiviert haben, sich mit Ihren Zugangsdaten legitimieren und die Zahlungsanweisung best\u00e4tigen. Die Zahlungstransaktion wird unmittelbar nach Abgabe der Bestellung durchgef\u00fchrt. Weitere Hinweise erhalten Sie im Bestellvorgang.&nbsp;<\/p>\n\n\n\n<p>PayPal Um den Rechnungsbetrag \u00fcber den Zahlungsdienstleister PayPal (Europe) S.\u00e0 r.l. et Cie, S.C.A, 22-24 Boulevard Royal, L-2449 Luxembourg (\u201ePayPal\u201c) bezahlen zu k\u00f6nnen, m\u00fcssen Sie bei PayPal registriert sein, sich mit Ihren Zugangsdaten legitimieren und die Zahlungsanweisung best\u00e4tigen. Die Zahlungstransaktion wird durch PayPal unmittelbar nach Abgabe der Bestellung durchgef\u00fchrt. Weitere Hinweise erhalten Sie im Bestellvorgang.&nbsp;<\/p>\n\n\n\n<p>PayPal kann registrierten und nach eigenen Kriterien ausgew\u00e4hlten PayPal-Kunden weitere Zahlungsmodalit\u00e4ten im Kundenkonto anbieten. Auf das Anbieten dieser Modalit\u00e4ten haben wir allerdings keinen Einfluss; weitere individuell angebotene Zahlungsmodalit\u00e4ten betreffen Ihr Rechtsverh\u00e4ltnis mit PayPal. Weitere Informationen hierzu finden Sie in Ihrem PayPal-Konto.<\/p>\n\n\n\n<p>Rechnung<\/p>\n\n\n\n<p>Eine Rechnungsstellung erfolgt nach Absprache. Der Kauf auf Rechnung mit Vorkasse und \/ oder Zahlungsziel 14 Tage ist ausgeschlossen.<\/p>\n\n\n\n<p>Widerrufsrecht<br>Verbrauchern steht das gesetzliche Widerrufsrecht, wie in der Widerrufsbelehrung&nbsp;beschrieben, zu. Unternehmern wird kein freiwilliges Widerrufsrecht einger\u00e4umt.&nbsp;<\/p>\n\n\n\n<p>Eigentumsvorbehalt<br>Die Ware bleibt bis zur vollst\u00e4ndigen Bezahlung unser Eigentum.<\/p>\n\n\n\n<p>Transportsch\u00e4den<br>Werden Waren mit offensichtlichen Transportsch\u00e4den angeliefert, so reklamieren Sie solche Fehler bitte m\u00f6glichst sofort beim Zusteller und nehmen Sie bitte unverz\u00fcglich Kontakt zu uns auf. Die Vers\u00e4umung einer Reklamation oder Kontaktaufnahme hat f\u00fcr Ihre gesetzlichen Anspr\u00fcche und deren Durchsetzung, insbesondere Ihre Gew\u00e4hrleistungsrechte, keinerlei Konsequenzen. Sie helfen uns aber, unsere eigenen Anspr\u00fcche gegen\u00fcber dem Frachtf\u00fchrer bzw. der Transportversicherung geltend machen zu k\u00f6nnen.<\/p>\n\n\n\n<p>Gew\u00e4hrleistung und Garantien<br>9.1 M\u00e4ngelhaftungsrecht&nbsp;<\/p>\n\n\n\n<p>Es gilt das gesetzliche M\u00e4ngelhaftungsrecht von zwei Jahren ab Kaufdatum. Nach einem Jahr ab Kaufdatum greift die Beweislastumkehr. Bitte setzen Sie sich zwecks Pr\u00fcfung und R\u00fcckversands der Flasche \/ der Flaschen mit uns in Verbindung.<\/p>\n\n\n\n<p>9.2 Garantien und Kundendienst&nbsp;<\/p>\n\n\n\n<p>Informationen zu gegebenenfalls geltenden zus\u00e4tzlichen Garantien und deren genaue Bedingungen finden Sie jeweils beim Produkt und auf besonderen Informationsseiten im Online-Shop.<\/p>\n\n\n\n<p>9.3 Kulanz \u00fcber das M\u00e4ngelhaftungsrecht hinaus<\/p>\n\n\n\n<p>\u00dcber das gesetzlich vorgeschriebene M\u00e4ngelhaftungsrecht gew\u00e4hren wir aus Kulanz nach Einzelfallpr\u00fcfung einen Flaschentausch oder eine Gutschrift. Der Umfang der Kompensation und die Pr\u00fcfung des Einzelfalls obliegt dem Weingut Knewitz eGbR. Bitte heben Sie Korken und\/oder Flasche inklusive Inhalt zwecks \u00dcberpr\u00fcfung auf. Eine freiwillige Regulierung unsererseits schlie\u00dft nachfolgende rechtliche Anspr\u00fcche aus.<\/p>\n\n\n\n<p>Haftung<br>F\u00fcr Anspr\u00fcche aufgrund von Sch\u00e4den, die durch uns, unsere gesetzlichen Vertreter oder Erf\u00fcllungsgehilfen verursacht wurden, haften wir stets unbeschr\u00e4nkt bei Verletzung des Lebens, des K\u00f6rpers oder der Gesundheit, bei vors\u00e4tzlicher oder grob fahrl\u00e4ssiger Pflichtverletzung, bei Garantieversprechen, soweit vereinbart, oder soweit der Anwendungsbereich des Produkthaftungsgesetzes er\u00f6ffnet ist. Bei Verletzung wesentlicher Vertragspflichten, deren Erf\u00fcllung die ordnungsgem\u00e4\u00dfe Durchf\u00fchrung des Vertrages \u00fcberhaupt erst erm\u00f6glicht und auf deren Einhaltung der Vertragspartner regelm\u00e4\u00dfig vertrauen darf, (Kardinalpflichten) durch leichte Fahrl\u00e4ssigkeit von uns, unseren gesetzlichen Vertretern oder Erf\u00fcllungsgehilfen ist die Haftung der H\u00f6he nach auf den bei Vertragsschluss vorhersehbaren Schaden begrenzt, mit dessen Entstehung typischerweise gerechnet werden muss. Im \u00dcbrigen sind Anspr\u00fcche auf Schadensersatz ausgeschlossen.<\/p>\n\n\n\n<p>Verhaltenskodex<br>Folgenden Verhaltenskodizes haben wir uns unterworfen:<br>Fairchoice (https:\/\/www.fairchoice.info\/#!\/charta)<\/p>\n\n\n\n<p>Streitbeilegung<br>Zur Teilnahme an einem Streitbeilegungsverfahren vor einer Verbraucherschlichtungsstelle sind wir nicht verpflichtet und nicht bereit.<\/p>\n\n\n\n<p>Jugendschutz<br>Sofern Ihre Bestellung Waren umfasst, deren Verkauf Altersbeschr\u00e4nkungen unterliegt, obliegt es Ihnen als Besteller, dass das Paket nicht an Minderj\u00e4hrige ausgeh\u00e4ndigt wird. Bitte halten Sie zwecks Zustellung einen Identit\u00e4ts- und Altersnachweis parat.<\/p>\n\n\n\n<p>Salvatorische Klausel<br>Sollten einzelne Passagen, Unterpunkte oder S\u00e4tze unwirksam sein, so betrifft die Unwirksamkeit nicht die anderen aufgef\u00fchrten Punkte in den allgemeinen Gesch\u00e4ftsbedingungen (AGB).<\/p>","protected":false},"excerpt":{"rendered":"<p>WEINGUT KNEWITZ eGbR Bj\u00f6rn &amp; Tobias Knewitz (Gesellschafter) Rheinblick 1355437 Appenheim Telefon +49(0)6725-2949Telefax +49(0)6725-96003 info@weingut-knewitz.deUSt.-ID-Nr.: DE 306668454 Aufsichtsbeh\u00f6rde: Ministerium f\u00fcr Wirtschaft, Verkehr, Landwirtschaft und Weinbau,Stiftsstra\u00dfe 9,55116 Mainz Wir geh\u00f6ren der Landwirtschafskammer Rheinland-Pfalz, Burgenlandstr. 7, 55543 Bad Kreuznach an. Gesetzliche Grundlage unserer T\u00e4tigkeit: Weingesetz (WeinG.) Wir sind Mitglied von Maxime Herkunft Rheinhessen. Wir sind Mitglied im [&hellip;]<\/p>\n","protected":false},"author":1,"featured_media":0,"parent":0,"menu_order":0,"comment_status":"closed","ping_status":"closed","template":"","meta":{"_acf_changed":false,"footnotes":""},"class_list":["post-379","page","type-page","status-publish","hentry"],"acf":[],"_links":{"self":[{"href":"https:\/\/staging.weingut-knewitz.de\/en\/wp-json\/wp\/v2\/pages\/379","targetHints":{"allow":["GET"]}}],"collection":[{"href":"https:\/\/staging.weingut-knewitz.de\/en\/wp-json\/wp\/v2\/pages"}],"about":[{"href":"https:\/\/staging.weingut-knewitz.de\/en\/wp-json\/wp\/v2\/types\/page"}],"author":[{"embeddable":true,"href":"https:\/\/staging.weingut-knewitz.de\/en\/wp-json\/wp\/v2\/users\/1"}],"replies":[{"embeddable":true,"href":"https:\/\/staging.weingut-knewitz.de\/en\/wp-json\/wp\/v2\/comments?post=379"}],"version-history":[{"count":9,"href":"https:\/\/staging.weingut-knewitz.de\/en\/wp-json\/wp\/v2\/pages\/379\/revisions"}],"predecessor-version":[{"id":886,"href":"https:\/\/staging.weingut-knewitz.de\/en\/wp-json\/wp\/v2\/pages\/379\/revisions\/886"}],"wp:attachment":[{"href":"https:\/\/staging.weingut-knewitz.de\/en\/wp-json\/wp\/v2\/media?parent=379"}],"curies":[{"name":"wp","href":"https:\/\/api.w.org\/{rel}","templated":true}]}}